{"id":29,"date":"2026-01-25T11:22:19","date_gmt":"2026-01-25T11:22:19","guid":{"rendered":"https:\/\/reseau-chimie-met.fr\/?page_id=29"},"modified":"2026-03-15T20:15:50","modified_gmt":"2026-03-15T20:15:50","slug":"presentation-du-reseau","status":"publish","type":"page","link":"https:\/\/reseau-chimie-met.fr\/index.php\/presentation-du-reseau\/","title":{"rendered":"Pr\u00e9sentation du r\u00e9seau"},"content":{"rendered":"\n<div class=\"wp-block-group alignfull has-global-padding is-layout-constrained wp-block-group-is-layout-constrained\" style=\"margin-top:0;margin-bottom:0\">\n<div class=\"wp-block-columns alignfull is-layout-flex wp-container-core-columns-is-layout-9c22b1e3 wp-block-columns-is-layout-flex\">\n<div class=\"wp-block-column is-vertically-aligned-center is-layout-flow wp-block-column-is-layout-flow\" style=\"padding-top:var(--wp--preset--spacing--60);padding-right:var(--wp--preset--spacing--60);padding-bottom:var(--wp--preset--spacing--60);padding-left:var(--wp--preset--spacing--60)\">\n<h2 class=\"wp-block-heading has-xx-large-font-size\">Pr\u00e9sentation du r\u00e9seau<\/h2>\n\n\n\n<p>Le r\u00e9seau Chimie-MET f\u00e9d\u00e8re des plateformes ayant des expertises de pointe correspondant aux plus hauts standards nationaux dans le domaine de la microscopie \u00e9lectronique en transmission et des techniques connexes adapt\u00e9s \u00e0 l\u2019ensemble de la communaut\u00e9 des utilisateurs affili\u00e9s au CNRS. Le r\u00e9seau se veut \u00eatre une force de proposition comme r\u00e9seau technologique au service des projets et des unit\u00e9s.<\/p>\n\n\n\n<p>Les principaux objectifs et missions du r\u00e9seau sont de :<\/p>\n\n\n\n<ol class=\"wp-block-list is-style-checkmark-list\">\n<li><strong>Soutenir les plateformes :<\/strong> Le r\u00e9seau soutient des plateformes de microscopie \u00e9lectronique en transmission d&#8217;int\u00e9r\u00eat r\u00e9gional ou national. Le r\u00e9seau garantit la qualit\u00e9 de leurs activit\u00e9s et leur capacit\u00e9 d&#8217;ouverture \u00e0 la communaut\u00e9 scientifique.<\/li>\n\n\n\n<li><strong>Favoriser le transfert des comp\u00e9tences et des savoir-faire :<\/strong> Le r\u00e9seau organise et facilite les \u00e9changes sur diverses th\u00e9matiques scientifiques et techniques, ainsi qu\u2019organisationnelles et administratives, pour soutenir le fonctionnement quotidien des structures du r\u00e9seau et cr\u00e9er du lien entre leurs personnels. Le r\u00e9seau vise \u00e0 d\u00e9velopper une strat\u00e9gie concert\u00e9e visant \u00e0 am\u00e9liorer l&#8217;offre de services.<\/li>\n\n\n\n<li><strong>Optimiser l\u2019acc\u00e8s et l\u2019utilisation des moyens technologiques : <\/strong>Le r\u00e9seau vise \u00e0 d\u00e9mocratiser l\u2019acc\u00e8s \u00e0 des prestations de haute qualit\u00e9 en microscopie \u00e9lectronique en transmission pour tous types d\u2019utilisateurs (internes ou externes au r\u00e9seau).<\/li>\n\n\n\n<li><strong>Recenser, rationaliser et faire connaitre les comp\u00e9tences et les moyens technologiques : <\/strong>Au travers la mutualisation \u00e0 l\u2019\u00e9chelle nationale des plateformes du r\u00e9seau Chimie-MET et de leurs moyens, le r\u00e9seau vise \u00e0 recenser et capitaliser les comp\u00e9tences et savoir-faire. Il contribue \u00e0 mettre en lumi\u00e8re les activit\u00e9s et expertises, les objectifs et les moyens instrumentaux de chacune des plateformes et du r\u00e9seau.<\/li>\n<\/ol>\n\n\n\n<p><\/p>\n\n\n\n<div style=\"height:100px\" aria-hidden=\"true\" class=\"wp-block-spacer\"><\/div>\n\n\n\n<h2 class=\"wp-block-heading has-xx-large-font-size\">Composition du r\u00e9seau<\/h2>\n\n\n\n<p>Les membres du r\u00e9seau sont les 7 plateformes identifi\u00e9es par l\u2019institut CNRS Chimie \u00e0 la cr\u00e9ation du r\u00e9seau, \u00e0 savoir :<\/p>\n\n\n\n<ul class=\"wp-block-list\">\n<li><a href=\"https:\/\/macle-cvl.cnrs.fr\/\" data-type=\"link\" data-id=\"https:\/\/macle-cvl.cnrs.fr\/\">Microscopies, imAgeries et ressourCes anaLytiquEs en r\u00e9gion Centre-Val de Loire<\/a> (MACLE CVL \/ UAR2590) \u2013 Orl\u00e9ans<\/li>\n\n\n\n<li><a href=\"https:\/\/centre-castaing.fr\/spip.php?rubrique7\" data-type=\"link\" data-id=\"https:\/\/centre-castaing.fr\/spip.php?rubrique7\">Centre de micro caract\u00e9risation Raimond CASTAING<\/a> (CASTAING \/ UAR3623) \u2013 Toulouse<\/li>\n\n\n\n<li><a href=\"https:\/\/pmel.univ-lille.fr\/\" data-type=\"link\" data-id=\"https:\/\/pmel.univ-lille.fr\/\">P\u00f4le Microscopie Electronique de Lille de l\u2019Institut CHEVREUL<\/a> (PMEL @ CHEVREUL \/ FR 2638) \u2013 Lille<\/li>\n\n\n\n<li><a href=\"https:\/\/ijl.univ-lorraine.fr\/centres-de-competences\/centre-de-competences-microscopies-microsondes-et-metallographie-cc-3m\">Centre de Comp\u00e9tence Microscopies Microsonde et M\u00e9tallographie<\/a> de Institut Jean Lamour (CC3M @ IJL \/ UMR7198) \u2013 Nancy<\/li>\n\n\n\n<li><a href=\"https:\/\/www.is2m.uha.fr\/fr\/plateformes-techniques\/microscopies-electroniques\/\">Plateforme de Microscopie Electronique de l\u2019Institut de Sciences des Mat\u00e9riaux de Mulhouse<\/a> (PME @ IS2M \/ UMR 7361) \u2013 Mulhouse<\/li>\n\n\n\n<li><a href=\"https:\/\/pamec.cnrs.fr\/\">Plateforme d\u2019Analyse Multi Echelle Caennaise du Laboratoire de Cristallographie et Sciences des Mat\u00e9riaux<\/a> (PAMEC @ CRISMAT \/ UMR 6508) \u2013 Caen<\/li>\n\n\n\n<li><a href=\"https:\/\/plassmat.cnrs-imn.fr\/\">Plateforme Lig\u00e9rienne d\u2019Analyse de la Structure et de la Surface des MAT\u00e9riaux de l\u2019Institut des Mat\u00e9riaux de Nantes Jean Rouxel<\/a> (PLASSMAT @ IMN \/ UMR 6502) \u2013 Nantes<br><br><\/li>\n<\/ul>\n\n\n\n<figure class=\"wp-block-image size-large\"><img loading=\"lazy\" decoding=\"async\" width=\"1024\" height=\"580\" src=\"https:\/\/reseau-chimie-met.fr\/wp-content\/uploads\/2026\/01\/carte_membres_reseau-1024x580.png\" alt=\"\" class=\"wp-image-95\" srcset=\"https:\/\/reseau-chimie-met.fr\/wp-content\/uploads\/2026\/01\/carte_membres_reseau-1024x580.png 1024w, https:\/\/reseau-chimie-met.fr\/wp-content\/uploads\/2026\/01\/carte_membres_reseau-300x170.png 300w, https:\/\/reseau-chimie-met.fr\/wp-content\/uploads\/2026\/01\/carte_membres_reseau-768x435.png 768w, https:\/\/reseau-chimie-met.fr\/wp-content\/uploads\/2026\/01\/carte_membres_reseau-1536x870.png 1536w, https:\/\/reseau-chimie-met.fr\/wp-content\/uploads\/2026\/01\/carte_membres_reseau.png 1909w\" sizes=\"auto, (max-width: 1024px) 100vw, 1024px\" \/><\/figure>\n\n\n\n<div style=\"height:100px\" aria-hidden=\"true\" class=\"wp-block-spacer\"><\/div>\n\n\n\n<h2 class=\"wp-block-heading has-xx-large-font-size\">Organisation du r\u00e9seau<\/h2>\n\n\n\n<h3 class=\"wp-block-heading\"><br><br><strong>Comit\u00e9 de Pilotage<\/strong><\/h3>\n\n\n\n<p>Antoine BARNABE (Centre CASTAING)<br>St\u00e9phane BOUQUET (MACLE-CVL)<br>St\u00e9phanie BRUYERE (CC3M @ IJL)<br>Eric GAUTRON (PLASSMAT @ IMN)<br>Hugues LEROUX (PMEL @ CHEVREUL)<br>Denis PELLOQUIN (PAMEC @ CRISMAT )<br>Lo\u00efc VIDAL (PME @ IS2M)<br>Jean-Pierre SIMORRE (CNRS-Chimie)<\/p>\n\n\n\n<h3 class=\"wp-block-heading\"><strong>Bureau<\/strong><\/h3>\n\n\n\n<p>Antoine BARNABE (Centre CASTAING)<br>St\u00e9phane BOUQUET (MACLE-CVL)<br>St\u00e9phanie BRUYERE (CC3M @ IJL)<\/p>\n\n\n\n<h3 class=\"wp-block-heading\"><strong>Responsable<\/strong><\/h3>\n\n\n\n<p>Antoine BARNABE (Centre CASTAING)<\/p>\n\n\n\n<h3 class=\"wp-block-heading\"><strong>Unit\u00e9 d&#8217;adossement<\/strong><\/h3>\n\n\n\n<p>Centre CASTAING (UAR3623)<\/p>\n<\/div>\n<\/div>\n<\/div>\n\n\n\n<p><\/p>\n","protected":false},"excerpt":{"rendered":"<p>Pr\u00e9sentation du r\u00e9seau Le r\u00e9seau Chimie-MET f\u00e9d\u00e8re des plateformes ayant des expertises de pointe correspondant aux plus hauts standards nationaux dans le domaine de la microscopie \u00e9lectronique en transmission et des techniques connexes adapt\u00e9s \u00e0 l\u2019ensemble de la communaut\u00e9 des utilisateurs affili\u00e9s au CNRS. Le r\u00e9seau se veut \u00eatre une force de proposition comme r\u00e9seau [&hellip;]<\/p>\n","protected":false},"author":1,"featured_media":0,"parent":0,"menu_order":0,"comment_status":"closed","ping_status":"closed","template":"","meta":{"footnotes":""},"class_list":["post-29","page","type-page","status-publish","hentry"],"_links":{"self":[{"href":"https:\/\/reseau-chimie-met.fr\/index.php\/wp-json\/wp\/v2\/pages\/29","targetHints":{"allow":["GET"]}}],"collection":[{"href":"https:\/\/reseau-chimie-met.fr\/index.php\/wp-json\/wp\/v2\/pages"}],"about":[{"href":"https:\/\/reseau-chimie-met.fr\/index.php\/wp-json\/wp\/v2\/types\/page"}],"author":[{"embeddable":true,"href":"https:\/\/reseau-chimie-met.fr\/index.php\/wp-json\/wp\/v2\/users\/1"}],"replies":[{"embeddable":true,"href":"https:\/\/reseau-chimie-met.fr\/index.php\/wp-json\/wp\/v2\/comments?post=29"}],"version-history":[{"count":13,"href":"https:\/\/reseau-chimie-met.fr\/index.php\/wp-json\/wp\/v2\/pages\/29\/revisions"}],"predecessor-version":[{"id":123,"href":"https:\/\/reseau-chimie-met.fr\/index.php\/wp-json\/wp\/v2\/pages\/29\/revisions\/123"}],"wp:attachment":[{"href":"https:\/\/reseau-chimie-met.fr\/index.php\/wp-json\/wp\/v2\/media?parent=29"}],"curies":[{"name":"wp","href":"https:\/\/api.w.org\/{rel}","templated":true}]}}