{"id":6,"date":"2026-01-25T10:32:59","date_gmt":"2026-01-25T10:32:59","guid":{"rendered":"https:\/\/reseau-chimie-met.fr\/?page_id=6"},"modified":"2026-03-15T20:20:04","modified_gmt":"2026-03-15T20:20:04","slug":"accueil","status":"publish","type":"page","link":"https:\/\/reseau-chimie-met.fr\/","title":{"rendered":"Accueil"},"content":{"rendered":"\n<div class=\"wp-block-group alignfull has-global-padding is-layout-constrained wp-block-group-is-layout-constrained\" style=\"margin-top:0;margin-bottom:0\">\n<div class=\"wp-block-columns alignfull is-layout-flex wp-container-core-columns-is-layout-9c22b1e3 wp-block-columns-is-layout-flex\">\n<div class=\"wp-block-column is-vertically-aligned-center is-layout-flow wp-block-column-is-layout-flow\" style=\"padding-top:var(--wp--preset--spacing--60);padding-right:var(--wp--preset--spacing--60);padding-bottom:var(--wp--preset--spacing--60);padding-left:var(--wp--preset--spacing--60)\">\n<h2 class=\"wp-block-heading has-xx-large-font-size\">Accueil<\/h2>\n\n\n\n<p data-wp-context---core-fit-text=\"core\/fit-text::{&quot;fontSize&quot;:&quot;&quot;}\" data-wp-init---core-fit-text=\"core\/fit-text::callbacks.init\" data-wp-interactive data-wp-style--font-size=\"core\/fit-text::context.fontSize\" class=\"has-fit-text\">Le r\u00e9seau th\u00e9matique Chimie-MET f\u00e9d\u00e8re des plateformes, affili\u00e9es au CNRS, ayant des expertises<br>de pointe correspondant aux plus hauts standards nationaux dans le domaine de la microscopie<br>\u00e9lectronique en transmission et des techniques connexes adapt\u00e9es \u00e0 l\u2019ensemble de la communaut\u00e9<br>des utilisateurs affili\u00e9s au CNRS.<\/p>\n\n\n\n<p class=\"has-medium-font-size\"><\/p>\n<\/div>\n<\/div>\n<\/div>\n\n\n\n<p><\/p>\n","protected":false},"excerpt":{"rendered":"<p>Accueil Le r\u00e9seau th\u00e9matique Chimie-MET f\u00e9d\u00e8re des plateformes, affili\u00e9es au CNRS, ayant des expertisesde pointe correspondant aux plus hauts standards nationaux dans le domaine de la microscopie\u00e9lectronique en transmission et des techniques connexes adapt\u00e9es \u00e0 l\u2019ensemble de la communaut\u00e9des utilisateurs affili\u00e9s au CNRS.<\/p>\n","protected":false},"author":1,"featured_media":0,"parent":0,"menu_order":0,"comment_status":"closed","ping_status":"closed","template":"","meta":{"footnotes":""},"class_list":["post-6","page","type-page","status-publish","hentry"],"_links":{"self":[{"href":"https:\/\/reseau-chimie-met.fr\/index.php\/wp-json\/wp\/v2\/pages\/6","targetHints":{"allow":["GET"]}}],"collection":[{"href":"https:\/\/reseau-chimie-met.fr\/index.php\/wp-json\/wp\/v2\/pages"}],"about":[{"href":"https:\/\/reseau-chimie-met.fr\/index.php\/wp-json\/wp\/v2\/types\/page"}],"author":[{"embeddable":true,"href":"https:\/\/reseau-chimie-met.fr\/index.php\/wp-json\/wp\/v2\/users\/1"}],"replies":[{"embeddable":true,"href":"https:\/\/reseau-chimie-met.fr\/index.php\/wp-json\/wp\/v2\/comments?post=6"}],"version-history":[{"count":13,"href":"https:\/\/reseau-chimie-met.fr\/index.php\/wp-json\/wp\/v2\/pages\/6\/revisions"}],"predecessor-version":[{"id":125,"href":"https:\/\/reseau-chimie-met.fr\/index.php\/wp-json\/wp\/v2\/pages\/6\/revisions\/125"}],"wp:attachment":[{"href":"https:\/\/reseau-chimie-met.fr\/index.php\/wp-json\/wp\/v2\/media?parent=6"}],"curies":[{"name":"wp","href":"https:\/\/api.w.org\/{rel}","templated":true}]}}