{"id":83,"date":"2026-01-25T12:33:35","date_gmt":"2026-01-25T12:33:35","guid":{"rendered":"https:\/\/reseau-chimie-met.fr\/?page_id=83"},"modified":"2026-03-15T20:25:42","modified_gmt":"2026-03-15T20:25:42","slug":"programmes","status":"publish","type":"page","link":"https:\/\/reseau-chimie-met.fr\/index.php\/programmes\/","title":{"rendered":"Programmes"},"content":{"rendered":"\n<div class=\"wp-block-group alignfull has-global-padding is-layout-constrained wp-block-group-is-layout-constrained\" style=\"margin-top:0;margin-bottom:0\">\n<div class=\"wp-block-columns alignfull is-layout-flex wp-container-core-columns-is-layout-9c22b1e3 wp-block-columns-is-layout-flex\">\n<div class=\"wp-block-column is-vertically-aligned-center is-layout-flow wp-block-column-is-layout-flow\" style=\"padding-top:var(--wp--preset--spacing--60);padding-right:var(--wp--preset--spacing--60);padding-bottom:var(--wp--preset--spacing--60);padding-left:var(--wp--preset--spacing--60)\">\n<h2 class=\"wp-block-heading has-xx-large-font-size\">Programmes<\/h2>\n\n\n\n<p>Le r\u00e9seau se veut \u00eatre une force de proposition comme r\u00e9seau technologique au service des plateformes (unit\u00e9s h\u00e9bergeantes) et des projets (utilisateurs).<\/p>\n\n\n\n<p>La politique de labellisation s\u00e9lective des plateformes du CNRS permet aux plateformes du r\u00e9seau Chimie-MET de candidater \u00e0 des financements destin\u00e9s \u00e0 am\u00e9liorer leurs \u00e9quipements, leur organisation et \u00e0 optimiser le partage de leurs ressources. Les programmes propos\u00e9s visent \u00e0 garantir dans le temps une grande compl\u00e9mentarit\u00e9 au sein du r\u00e9seau afin de r\u00e9pondre \u00e0 tous les besoins des utilisateurs et de d\u00e9velopper une strat\u00e9gie concert\u00e9e visant \u00e0 am\u00e9liorer l&#8217;offre de services.<\/p>\n\n\n\n<p>Afin de r\u00e9aliser au mieux les objectifs d\u00e9crits ci-dessus, le r\u00e9seau s\u2019entend s\u2019appuyer sur 5 programmes intitul\u00e9s <strong>EQUIP, UTIL, MOBIL, COMM et ORGA<\/strong>, et d\u00e9crits ci-apr\u00e8s. <\/p>\n\n\n\n<p><\/p>\n\n\n\n<h3 class=\"wp-block-heading\"><strong>EQUIP : Aide au fonctionnement\/d\u00e9veloppement des \u00e9quipements<\/strong><\/h3>\n\n\n\n<p><strong>Descriptif<\/strong> : soutien financier direct de l\u2019institut CNRS Chimie pour subvenir au maintien\/d\u00e9veloppement des \u00e9quipements au meilleur niveau.<br><strong>Objectif <\/strong>: soutenir les plateformes.<br><strong>B\u00e9n\u00e9ficiaires<\/strong> : unit\u00e9s h\u00e9bergeant une plateforme du r\u00e9seau Chimie-MET avec justificatif annuel des d\u00e9penses.<br><\/p>\n\n\n\n<h3 class=\"wp-block-heading\"><strong>UTIL : Aide \u00e0 la mobilit\u00e9 de chercheurs utilisateurs<\/strong><\/h3>\n\n\n\n<p>Ce programme est destin\u00e9 \u00e0 financer dans la limite de<strong> 1000 \u20ac<\/strong>, les<strong> frais de mission et d\u2019h\u00e9bergement de jeunes chercheurs ou de nouveaux utilisateurs<\/strong> souhaitant d\u2019acc\u00e9der \u00e0 des \u00e9quipements de plateformes du r\u00e9seau \u00e9loign\u00e9s de leur unit\u00e9 de rattachement.<br><\/p>\n\n\n\n<p>date limite de l&#8217;appel \u00e0 projet  : <strong>15 mai 2026<\/strong><\/p>\n\n\n\n<p>Le formulaire de demande ci-dessous est \u00e0 adresser sous format PDF \u00e0 reseau_chimie_met_bureau@services.cnrs.fr <\/p>\n\n\n\n<p><br><\/p>\n\n\n\n<div data-wp-interactive=\"core\/file\" class=\"wp-block-file\"><object data-wp-bind--hidden=\"!state.hasPdfPreview\" hidden class=\"wp-block-file__embed\" data=\"https:\/\/reseau-chimie-met.fr\/wp-content\/uploads\/2026\/03\/Formulaire-UTIL-2026-Aide-a-la-mobilite-de-chercheurs-utilisateurs-au-sein-du-reseau-CHIMIE-MET.pdf\" type=\"application\/pdf\" style=\"width:100%;height:600px\" aria-label=\"Embed of Formulaire UTIL 2026 Aide \u00e0 la mobilit\u00e9 de chercheurs utilisateurs au sein du r\u00e9seau CHIMIE MET.\"><\/object><a id=\"wp-block-file--media-c4bd630c-6192-4dfe-aa28-911751828054\" href=\"https:\/\/reseau-chimie-met.fr\/wp-content\/uploads\/2026\/03\/Formulaire-UTIL-2026-Aide-a-la-mobilite-de-chercheurs-utilisateurs-au-sein-du-reseau-CHIMIE-MET.pdf\">Formulaire UTIL 2026 Aide \u00e0 la mobilit\u00e9 de chercheurs utilisateurs au sein du r\u00e9seau CHIMIE MET<\/a><a href=\"https:\/\/reseau-chimie-met.fr\/wp-content\/uploads\/2026\/03\/Formulaire-UTIL-2026-Aide-a-la-mobilite-de-chercheurs-utilisateurs-au-sein-du-reseau-CHIMIE-MET.pdf\" class=\"wp-block-file__button wp-element-button\" download aria-describedby=\"wp-block-file--media-c4bd630c-6192-4dfe-aa28-911751828054\">Download<\/a><\/div>\n\n\n\n<p><\/p>\n\n\n\n<h3 class=\"wp-block-heading\"><strong>MOBIL : Aide \u00e0 la mobilit\u00e9 de personnels du r\u00e9seau<\/strong><\/h3>\n\n\n\n<p>Ce programme est destin\u00e9 \u00e0 financer dans la limite de <strong>1000 \u20ac<\/strong>, les <strong>frais de mission et d\u2019h\u00e9bergement d\u2019un<br>personnel pour se d\u00e9placer sur une autre structure du r\u00e9seau <\/strong>afin d\u2019\u00e9changer autour d\u2019une th\u00e9matique<br>particuli\u00e8re (scientifique, technique ou administrative, communication) en lien avec les activit\u00e9s de nos<br>plateformes.<\/p>\n\n\n\n<p>date limite de l&#8217;appel \u00e0 projet  : <strong>31 mars 2026<\/strong><\/p>\n\n\n\n<p>Le formulaire de demande ci-dessous est \u00e0 adresser sous format PDF \u00e0 reseau_chimie_met_bureau@services.cnrs.fr <\/p>\n\n\n\n<div data-wp-interactive=\"core\/file\" class=\"wp-block-file\"><object data-wp-bind--hidden=\"!state.hasPdfPreview\" hidden class=\"wp-block-file__embed\" data=\"https:\/\/reseau-chimie-met.fr\/wp-content\/uploads\/2026\/03\/Formulaire-MOBIL-2026-Aide-a-la-mobilite-de-personnels-du-reseau-CHIMIE-MET.pdf\" type=\"application\/pdf\" style=\"width:100%;height:600px\" aria-label=\"Embed of Formulaire MOBIL 2026 Aide \u00e0 la mobilit\u00e9 de personnels du r\u00e9seau CHIMIE MET.\"><\/object><a id=\"wp-block-file--media-95cad05b-10b4-4c01-8e31-a69b794d5350\" href=\"https:\/\/reseau-chimie-met.fr\/wp-content\/uploads\/2026\/03\/Formulaire-MOBIL-2026-Aide-a-la-mobilite-de-personnels-du-reseau-CHIMIE-MET.pdf\">Formulaire MOBIL 2026 Aide \u00e0 la mobilit\u00e9 de personnels du r\u00e9seau CHIMIE MET<\/a><a href=\"https:\/\/reseau-chimie-met.fr\/wp-content\/uploads\/2026\/03\/Formulaire-MOBIL-2026-Aide-a-la-mobilite-de-personnels-du-reseau-CHIMIE-MET.pdf\" class=\"wp-block-file__button wp-element-button\" download aria-describedby=\"wp-block-file--media-95cad05b-10b4-4c01-8e31-a69b794d5350\">Download<\/a><\/div>\n\n\n\n<p><br><br><\/p>\n\n\n\n<h3 class=\"wp-block-heading\"><strong>COMM : Aide \u00e0 la cr\u00e9ation et au suivi d\u2019outils de communication<\/strong><\/h3>\n\n\n\n<p class=\"is-style-default\"><strong>Descriptif<\/strong> : soutien financier pour couvrir les frais de mise en place de moyens de communication propres contribuant \u00e0 accro\u00eetre la visibilit\u00e9 des plateformes du r\u00e9seau.<br><strong>Objectif <\/strong>: recenser, rationaliser et faire connaitre les comp\u00e9tences et les moyens technologiques <br><strong>B\u00e9n\u00e9ficiaires<\/strong> : unit\u00e9s h\u00e9bergeant une plateforme du r\u00e9seau Chimie-MET en charge de la communication.<br><br><\/p>\n\n\n\n<h3 class=\"wp-block-heading\"><strong>ORGA : Aide \u00e0 l\u2019organisation des journ\u00e9es du r\u00e9seau<\/strong><\/h3>\n\n\n\n<p><strong>Descriptif<\/strong> : soutien financier pour couvrir l&#8217;organisation de la journ\u00e9e annuelle du r\u00e9seau.<br><strong>Objectif<\/strong> : favoriser le transfert des comp\u00e9tences et des savoir-faire.<br><strong>B\u00e9n\u00e9ficiaires <\/strong>: unit\u00e9s h\u00e9bergeant une plateforme du r\u00e9seau Chimie-MET.<\/p>\n\n\n\n<p><br><br><\/p>\n<\/div>\n<\/div>\n<\/div>\n\n\n\n<p><\/p>\n","protected":false},"excerpt":{"rendered":"<p>Programmes Le r\u00e9seau se veut \u00eatre une force de proposition comme r\u00e9seau technologique au service des plateformes (unit\u00e9s h\u00e9bergeantes) et des projets (utilisateurs). La politique de labellisation s\u00e9lective des plateformes du CNRS permet aux plateformes du r\u00e9seau Chimie-MET de candidater \u00e0 des financements destin\u00e9s \u00e0 am\u00e9liorer leurs \u00e9quipements, leur organisation et \u00e0 optimiser le partage [&hellip;]<\/p>\n","protected":false},"author":1,"featured_media":0,"parent":0,"menu_order":0,"comment_status":"closed","ping_status":"closed","template":"","meta":{"footnotes":""},"class_list":["post-83","page","type-page","status-publish","hentry"],"_links":{"self":[{"href":"https:\/\/reseau-chimie-met.fr\/index.php\/wp-json\/wp\/v2\/pages\/83","targetHints":{"allow":["GET"]}}],"collection":[{"href":"https:\/\/reseau-chimie-met.fr\/index.php\/wp-json\/wp\/v2\/pages"}],"about":[{"href":"https:\/\/reseau-chimie-met.fr\/index.php\/wp-json\/wp\/v2\/types\/page"}],"author":[{"embeddable":true,"href":"https:\/\/reseau-chimie-met.fr\/index.php\/wp-json\/wp\/v2\/users\/1"}],"replies":[{"embeddable":true,"href":"https:\/\/reseau-chimie-met.fr\/index.php\/wp-json\/wp\/v2\/comments?post=83"}],"version-history":[{"count":14,"href":"https:\/\/reseau-chimie-met.fr\/index.php\/wp-json\/wp\/v2\/pages\/83\/revisions"}],"predecessor-version":[{"id":129,"href":"https:\/\/reseau-chimie-met.fr\/index.php\/wp-json\/wp\/v2\/pages\/83\/revisions\/129"}],"wp:attachment":[{"href":"https:\/\/reseau-chimie-met.fr\/index.php\/wp-json\/wp\/v2\/media?parent=83"}],"curies":[{"name":"wp","href":"https:\/\/api.w.org\/{rel}","templated":true}]}}