{"id":87,"date":"2026-01-25T12:39:28","date_gmt":"2026-01-25T12:39:28","guid":{"rendered":"https:\/\/reseau-chimie-met.fr\/?page_id=87"},"modified":"2026-03-15T21:17:05","modified_gmt":"2026-03-15T21:17:05","slug":"contacts","status":"publish","type":"page","link":"https:\/\/reseau-chimie-met.fr\/index.php\/contacts\/","title":{"rendered":"Contacts"},"content":{"rendered":"\n<div class=\"wp-block-group alignfull has-global-padding is-layout-constrained wp-block-group-is-layout-constrained\" style=\"margin-top:0;margin-bottom:0\">\n<div class=\"wp-block-columns alignfull is-layout-flex wp-container-core-columns-is-layout-9c22b1e3 wp-block-columns-is-layout-flex\">\n<div class=\"wp-block-column is-vertically-aligned-center is-layout-flow wp-block-column-is-layout-flow\" style=\"padding-top:var(--wp--preset--spacing--60);padding-right:var(--wp--preset--spacing--60);padding-bottom:var(--wp--preset--spacing--60);padding-left:var(--wp--preset--spacing--60)\">\n<h2 class=\"wp-block-heading has-xx-large-font-size\">Contacts<\/h2>\n\n\n\n<p><strong>Inscription \/ d\u00e9sinscription \u00e0 la liste de diffusion<\/strong> Chimie-MET : <a href=\"mailto:stephanie.bruyere@univ-lorraine.fr?subject=Inscription%20ou%20desinscription%20\u00e0%20la%20liste%20de%20diffusion\">contactez-nous<\/a><\/p>\n\n\n\n<p><strong>Adresses des diff\u00e9rentes plateformes<\/strong> :<\/p>\n\n\n\n<p><\/p>\n\n\n\n<ul class=\"wp-block-list\">\n<li><a href=\"https:\/\/macle-cvl.cnrs.fr\/contact\/\" data-type=\"link\" data-id=\"https:\/\/macle-cvl.cnrs.fr\/contact\/\">Microscopies, imAgeries et ressourCes anaLytiquEs en r\u00e9gion Centre-Val de Loire<\/a> (MACLE CVL \/ UAR2590) \u2013 Orl\u00e9ans<\/li>\n\n\n\n<li><a href=\"https:\/\/centre-castaing.fr\/devcastaing\/liste_annuaire.php\" data-type=\"link\" data-id=\"https:\/\/centre-castaing.fr\/devcastaing\/liste_annuaire.php\">Centre de micro caract\u00e9risation Raimond CASTAING<\/a> (CASTAING \/ UAR3623) \u2013 Toulouse<\/li>\n\n\n\n<li><a href=\"https:\/\/pmel.univ-lille.fr\/contact\" data-type=\"link\" data-id=\"https:\/\/pmel.univ-lille.fr\/contact\">P\u00f4le Microscopie Electronique de Lille de l\u2019Institut CHEVREUL<\/a> (PMEL @ CHEVREUL \/ FR 2638) \u2013 Lille<\/li>\n\n\n\n<li><a href=\"https:\/\/ijl.univ-lorraine.fr\/centres-de-competences\/centre-de-competences-microscopies-microsondes-et-metallographie-cc-3m\">Centre de Comp\u00e9tence Microscopies Microsonde et M\u00e9tallographie<\/a> de Institut Jean Lamour (CC3M @ IJL \/ UMR7198) \u2013 Nancy<\/li>\n\n\n\n<li><a href=\"https:\/\/www.is2m.uha.fr\/fr\/plateformes-techniques\/microscopies-electroniques\/\">Plateforme de Microscopie Electronique de l\u2019Institut de Sciences des Mat\u00e9riaux de Mulhouse<\/a> (PME @ IS2M \/ UMR 7361) \u2013 Mulhouse<\/li>\n\n\n\n<li><a href=\"https:\/\/pamec.cnrs.fr\/\">Plateforme d\u2019Analyse Multi Echelle Caennaise du Laboratoire de Cristallographie et Sciences des Mat\u00e9riaux<\/a> (PAMEC @ CRISMAT \/ UMR 6508) \u2013 Caen<\/li>\n\n\n\n<li><a href=\"https:\/\/plassmat.cnrs-imn.fr\/\">Plateforme Lig\u00e9rienne d\u2019Analyse de la Structure et de la Surface des MAT\u00e9riaux de l\u2019Institut des Mat\u00e9riaux de Nantes Jean Rouxel<\/a> (PLASSMAT @ IMN \/ UMR 6502) \u2013 Nantes<br><br><\/li>\n<\/ul>\n<\/div>\n<\/div>\n<\/div>\n\n\n\n<p><\/p>\n","protected":false},"excerpt":{"rendered":"<p>Contacts Inscription \/ d\u00e9sinscription \u00e0 la liste de diffusion Chimie-MET : contactez-nous Adresses des diff\u00e9rentes plateformes :<\/p>\n","protected":false},"author":1,"featured_media":0,"parent":0,"menu_order":0,"comment_status":"closed","ping_status":"closed","template":"","meta":{"footnotes":""},"class_list":["post-87","page","type-page","status-publish","hentry"],"_links":{"self":[{"href":"https:\/\/reseau-chimie-met.fr\/index.php\/wp-json\/wp\/v2\/pages\/87","targetHints":{"allow":["GET"]}}],"collection":[{"href":"https:\/\/reseau-chimie-met.fr\/index.php\/wp-json\/wp\/v2\/pages"}],"about":[{"href":"https:\/\/reseau-chimie-met.fr\/index.php\/wp-json\/wp\/v2\/types\/page"}],"author":[{"embeddable":true,"href":"https:\/\/reseau-chimie-met.fr\/index.php\/wp-json\/wp\/v2\/users\/1"}],"replies":[{"embeddable":true,"href":"https:\/\/reseau-chimie-met.fr\/index.php\/wp-json\/wp\/v2\/comments?post=87"}],"version-history":[{"count":7,"href":"https:\/\/reseau-chimie-met.fr\/index.php\/wp-json\/wp\/v2\/pages\/87\/revisions"}],"predecessor-version":[{"id":135,"href":"https:\/\/reseau-chimie-met.fr\/index.php\/wp-json\/wp\/v2\/pages\/87\/revisions\/135"}],"wp:attachment":[{"href":"https:\/\/reseau-chimie-met.fr\/index.php\/wp-json\/wp\/v2\/media?parent=87"}],"curies":[{"name":"wp","href":"https:\/\/api.w.org\/{rel}","templated":true}]}}